












{"id":104,"date":"2017-06-05T15:49:25","date_gmt":"2017-06-05T19:49:25","guid":{"rendered":"http:\/\/sharemastro.com\/terms-and-conditions\/"},"modified":"2025-07-28T11:28:09","modified_gmt":"2025-07-28T15:28:09","slug":"terms-and-conditions","status":"publish","type":"page","link":"https:\/\/sharemastro.com\/fr\/terms-and-conditions\/","title":{"rendered":"Conditions g\u00e9n\u00e9rales"},"content":{"rendered":"<div class=\"terms_condition\">\n<h5 class=\"terms_title\">ATTENTION\u00a0: VEUILLEZ LIRE ATTENTIVEMENT CES CONDITIONS D&rsquo;UTILISATION (\u00ab\u00a0CONDITIONS\u00a0\u00bb) AVANT D&rsquo;UTILISER CE SITE WEB (\u00ab\u00a0SITE\u00a0\u00bb). L&rsquo;UTILISATION DE CE SITE INDIQUE QUE VOUS ACCEPTEZ CES CONDITIONS. SI VOUS N&rsquo;ACCEPTEZ PAS CES CONDITIONS, N&rsquo;UTILISEZ PAS CE SITE.<\/h5>\n<hr class=\"terms_border\" \/>\n<div class=\"terms_lsit\">\n<h5 class=\"content_heading\">UTILISATION DU SITE ET DU MAT\u00c9RIEL<\/h5>\n<p class=\"all_content\">Mastro\u00ae, San Daniele\u00ae et RiservaTM (une filiale de Sofina Foods Inc.) vous autorise \u00e0 visualiser, t\u00e9l\u00e9charger des courriels et imprimer le contenu, les informations, la cr\u00e9ation et\/ou le mat\u00e9riel de ce site (\u00ab\u00a0Mat\u00e9riel\u00a0\u00bb) uniquement pour votre usage personnel. , utilisation non commerciale, \u00e0 condition que tous les droits d&rsquo;auteur et autres avis de propri\u00e9t\u00e9 de Mastro\u00ae, San Daniele\u00ae et RiservaTM contenus dans les documents ou les copies des documents soient conserv\u00e9s et visibles dans ces documents. Vous ne pouvez pas modifier les Documents de quelque mani\u00e8re que ce soit, ni les reproduire, les afficher publiquement, les ex\u00e9cuter, les distribuer ou les utiliser de toute autre mani\u00e8re \u00e0 des fins publiques ou commerciales. Toute utilisation des \u00e9l\u00e9ments sur tout autre site ou environnement informatique en r\u00e9seau \u00e0 quelque fin que ce soit est interdite sans le consentement \u00e9crit de Mastro\u00ae, San Daniele\u00ae et RiservaTM. Les \u00e9l\u00e9ments peuvent \u00eatre soumis au droit d&rsquo;auteur et \u00e0 d&rsquo;autres droits de propri\u00e9t\u00e9 intellectuelle et \u00e0 toute utilisation non autoris\u00e9e de tout \u00e9l\u00e9ment. sur ce site peut violer les droits d&rsquo;auteur, les marques d\u00e9pos\u00e9es et d&rsquo;autres lois. Tous les droits non express\u00e9ment accord\u00e9s sont r\u00e9serv\u00e9s. L&rsquo;utilisation du nom, du logo ou de la marque d\u00e9pos\u00e9e de Mastro\u00ae, San Daniele\u00ae et RiservaTM ou de tout autre nom, logo ou marque d\u00e9pos\u00e9e de Mastro\u00ae, San Daniele\u00ae et RiservaTM (\u00ab Marques d\u00e9pos\u00e9es \u00bb), autres que ce qui est express\u00e9ment pr\u00e9vu par les Conditions, est strictement interdit. Si vous enfreignez l&rsquo;une des Conditions, votre autorisation d&rsquo;utiliser ce Site et les Mat\u00e9riels prend automatiquement fin et vous devez imm\u00e9diatement d\u00e9truire tout Mat\u00e9riel t\u00e9l\u00e9charg\u00e9 ou imprim\u00e9.<\/p>\n<\/div>\n<div class=\"terms_lsit\">\n<h5 class=\"content_heading\">SOUMISSIONS DES UTILISATEURS<\/h5>\n<p class=\"all_content\">Sauf dans les cas pr\u00e9vus dans la politique de confidentialit\u00e9, tout mat\u00e9riel, information personnelle ou autre communication que vous transmettez ou publiez sur ce site sera consid\u00e9r\u00e9 comme non confidentiel et non exclusif (\u00ab\u00a0Communications\u00a0\u00bb). Mastro\u00ae, San Daniele\u00ae et RiservaTM n&rsquo;auront aucune obligation en ce qui concerne les communications. Mastro\u00ae, San Daniele\u00ae et RiservaTM, et leurs repr\u00e9sentants, seront libres de copier, divulguer, distribuer, incorporer et autrement utiliser les communications et toutes les donn\u00e9es, images, sons, textes et autres \u00e9l\u00e9ments qui y sont incorpor\u00e9s \u00e0 des fins commerciales ou non. -\u00e0 des fins commerciales. Il vous est interdit de publier ou de transmettre vers ou depuis ce site tout mat\u00e9riel ill\u00e9gal, mena\u00e7ant, calomnieux, diffamatoire, obsc\u00e8ne ou pornographique, ou tout mat\u00e9riel qui violerait le droit d&rsquo;auteur ou d&rsquo;autres droits de propri\u00e9t\u00e9 intellectuelle d&rsquo;une autre partie s&rsquo;il \u00e9tait utilis\u00e9 sans l&rsquo;autorisation de cette partie, ou qui inclut un logiciel contenant un virus, un d\u00e9faut ou un autre composant nuisible ou perturbateur. En transmettant toute communication sur ce site, y compris, mais sans s&rsquo;y limiter, le courrier \u00e9lectronique, la soumission de formulaires Web, les t\u00e9l\u00e9chargements de fichiers (y compris les CV) et les communications publi\u00e9es sur des salons de discussion, des tableaux d&rsquo;affichage ou d&rsquo;autres forums d&rsquo;utilisateurs, vous renoncez \u00e0 tous droits moraux ou autres. des droits similaires dans le monde entier sur ces communications. Mastro\u00ae, San Daniele\u00ae et RiservaTM n&rsquo;auront aucune responsabilit\u00e9 li\u00e9e au contenu de ces communications, qu&rsquo;elles d\u00e9coulent ou non des lois sur le droit d&rsquo;auteur, la diffamation, la vie priv\u00e9e, l&rsquo;obsc\u00e9nit\u00e9 ou autre.<\/p>\n<\/div>\n<div class=\"terms_lsit\">\n<h5 class=\"content_heading\">LIENS VERS D&rsquo;AUTRES SITES<\/h5>\n<p class=\"all_content\">Les liens vers des sites tiers sur ce site sont fournis uniquement \u00e0 titre de commodit\u00e9. Si vous utilisez ces liens, vous pouvez quitter ce site. Mastro\u00ae, San Daniele\u00ae et RiservaTM n&rsquo;approuve ni ne fait aucune repr\u00e9sentation ou garantie concernant ces sites, ou toute information, logiciel ou autre produit ou mat\u00e9riel qui s&rsquo;y trouve, ou tout r\u00e9sultat pouvant \u00eatre obtenu en les utilisant. Si vous d\u00e9cidez d&rsquo;acc\u00e9der \u00e0 l&rsquo;un des sites tiers li\u00e9s \u00e0 ce site, vous le faites enti\u00e8rement \u00e0 vos propres risques.<\/p>\n<\/div>\n<div class=\"terms_lsit\">\n<h5 class=\"content_heading\">CLAUSE DE NON-RESPONSABILIT\u00c9<\/h5>\n<p class=\"all_content\">LES MAT\u00c9RIAUX FOURNIS SUR CE SITE SONT FOURNIS \u00ab EN L&rsquo;\u00c9TAT \u00bb SANS AUCUNE GARANTIE D&rsquo;AUCUNE SORTE, Y COMPRIS LES GARANTIES DE QUALIT\u00c9 MARCHANDE, D&rsquo;ADAPTATION \u00c0 UN USAGE PARTICULIER, DE TITRE OU DE NON-VIOLATION DE LA PROPRI\u00c9T\u00c9 INTELLECTUELLE.<\/p>\n<p class=\"all_content\">Mastro\u00ae, San Daniele\u00ae et RiservaTM ne garantissent pas l&rsquo;exactitude, l&rsquo;actualit\u00e9 ou l&rsquo;exhaustivit\u00e9 des documents, y compris les informations concernant les produits, programmes ou services. Mastro\u00ae, San Daniele\u00ae et RiservaTM peuvent apporter des modifications aux mat\u00e9riaux ou aux produits et services d\u00e9crits \u00e0 tout moment et sans pr\u00e9avis.<\/p>\n<\/div>\n<div class=\"terms_lsit\">\n<h5 class=\"content_heading\">LIMITATION DE RESPONSABILIT\u00c9<\/h5>\n<p class=\"all_content\">EN AUCUN CAS MASTRO\u00ae, SAN DANIELE\u00ae et RISERVATM, SOFINA FOODS INC ET LEURS FOURNISSEURS, SOCI\u00c9T\u00c9S AFFILI\u00c9ES, FILIALES, AGENTS, EMPLOY\u00c9S, DIRIGEANTS, ADMINISTRATEURS OU AUTRES TIERS NE SERONT RESPONSABLES DE TOUT DOMMAGE QUE CE SOIT, Y COMPRIS, DIRECT, INDIRECT, SP\u00c9CIAL, DOMMAGES EXEMPLAIRES, CONS\u00c9CUTIFS, MULTIPLES, PUNITIFS OU AUTRES QUE CE SOIT (Y COMPRIS, SANS LIMITATION, LA RESPONSABILIT\u00c9 POUR LA PERTE D&rsquo;USAGE, DE DONN\u00c9ES, DE REVENUS OU DE PROFITS, OU L&rsquo;INTERRUPTION DES ACTIVIT\u00c9S) D\u00c9COULANT DE L&rsquo;UTILISATION, DE L&rsquo;INCAPACIT\u00c9 D&rsquo;UTILISATION OU DES R\u00c9SULTATS DE L&rsquo;UTILISATION DE CE SITE, TOUS LES SITES LI\u00c9S \u00c0 CE SITE, OU LES DOCUMENTS OU INFORMATIONS CONTENUS SUR L&rsquo;UN OU LA TOUS DE CES SITES, QUE CE SOIT BAS\u00c9S SUR UNE GARANTIE, UN CONTRAT, UN D\u00c9LIT OU TOUTE AUTRE TH\u00c9ORIE JURIDIQUE, QUE CE SOIT POUR N\u00c9GLIGENCE OU GRAVE N\u00c9GLIGENCE, QU&rsquo;ELLE SOIT OU NON RAISONNABLEMENT PR\u00c9VISIBLE ET QUE CE SOIT OU NON AVIS\u00c9 DE LA POSSIBILIT\u00c9 DE TELS DOMMAGES. SI VOTRE UTILISATION DU MAT\u00c9RIEL OU DES INFORMATIONS DE CE SITE ENTRA\u00ceNE LA N\u00c9CESSIT\u00c9 D&rsquo;ENTRETIEN, DE R\u00c9PARATION OU DE CORRECTION D&rsquo;\u00c9QUIPEMENT OU DE DONN\u00c9ES, VOUS EN ASSUMEZ TOUS LES CO\u00dbTS. LA LOI APPLICABLE PEUT NE PAS AUTORISER L&rsquo;EXCLUSION OU LA LIMITATION DES DOMMAGES ACCESSOIRES OU CONS\u00c9CUTIFS, AINSI LA LIMITATION OU L&rsquo;EXCLUSION CI-DESSUS PEUT NE PAS S&rsquo;APPLIQUER \u00c0 VOUS.<\/p>\n<\/div>\n<div class=\"terms_lsit\">\n<h5 class=\"content_heading\">LOIS APPLICABLES<\/h5>\n<p class=\"all_content\">Ce site est administr\u00e9 par Mastro\u00ae, San Daniele\u00ae et RiservaTM depuis ses bureaux d&rsquo;Edmonton, Alberta, Canada. Mastro\u00ae, San Daniele\u00ae et RiservaTM ne font aucune d\u00e9claration selon laquelle les \u00e9l\u00e9ments de ce site sont appropri\u00e9s ou disponibles pour une utilisation et leur acc\u00e8s \u00e0 partir de territoires o\u00f9 leur contenu est ill\u00e9gal est interdit. Vous ne pouvez pas utiliser, exporter ou r\u00e9exporter les \u00e9l\u00e9ments de ce site ou toute copie ou adaptation en violation des lois ou r\u00e9glementations applicables, y compris, sans s&rsquo;y limiter, les lois et r\u00e9glementations canadiennes et am\u00e9ricaines en mati\u00e8re d&rsquo;exportation. Si vous choisissez d&rsquo;acc\u00e9der \u00e0 ce site, vous le faites de votre propre initiative et \u00eates responsable du respect des lois locales applicables. Ces conditions seront r\u00e9gies et interpr\u00e9t\u00e9es conform\u00e9ment aux lois de la province de l&rsquo;Alberta, sans donner effet \u00e0 aucun principe de conflits de lois\u00a0; vous acceptez que les tribunaux provinciaux et f\u00e9d\u00e9raux de la province de l&rsquo;Alberta ont une comp\u00e9tence exclusive sur toute question li\u00e9e aux pr\u00e9sentes Conditions ou \u00e0 votre utilisation de ce Site.<\/p>\n<\/div>\n<div class=\"terms_lsit\">\n<h5 class=\"content_heading\">G\u00c9N\u00c9RALE<\/h5>\n<p class=\"all_content\">Mastro\u00ae, San Daniele\u00ae et RiservaTM peuvent r\u00e9viser ces conditions \u00e0 tout moment en mettant \u00e0 jour cette publication. Vous devriez visiter cette page de temps en temps pour consulter les conditions alors en vigueur, car elles vous engagent.<\/p>\n<p class=\"all_content\">Mastro\u00ae, San Daniele\u00ae et RiservaTM d\u00e9ploient des efforts raisonnables pour garantir l&rsquo;exactitude, l&rsquo;exactitude et la fiabilit\u00e9 des mat\u00e9riaux, mais nous ne faisons aucune repr\u00e9sentation ni garantie quant \u00e0 l&rsquo;exactitude, l&rsquo;exactitude ou la fiabilit\u00e9 des mat\u00e9riaux.<\/p>\n<p class=\"all_content\">Remarque : toute personne cr\u00e9ant un lien vers les sites Mastro\u00ae, San Daniele\u00ae et RiservaTM doit se conformer aux directives pour les liens vers les sites Mastro\u00ae, San Daniele\u00ae et RiservaTM et \u00e0 toutes les lois applicables.<\/p>\n<\/div>\n<div class=\"terms_lsit\">\n<h5 class=\"content_heading\">LIAISON \u00c0 MASTRO\u00ae, SAN DANIELE\u00ae ET RISERVATM<\/h5>\n<p class=\"all_content\">Si vous souhaitez cr\u00e9er un lien vers le site Web de Mastro\u00ae, San Daniele\u00ae et RiservaTM (\u00ab Site \u00bb), veuillez lire et respecter les directives suivantes :<\/p>\n<p class=\"all_content\">Un site qui renvoie au site Mastro\u00ae, San Daniele\u00ae et RiservaTM\u00a0:<\/p>\n<p class=\"all_content\">-Peut cr\u00e9er un lien vers, mais pas reproduire, copier, afficher, distribuer ou communiquer au public, ou utiliser de toute autre mani\u00e8re le contenu de Mastro\u00ae, San Daniele\u00ae et RiservaTM.<\/p>\n<p class=\"all_content\">-Ne doit pas cr\u00e9er de navigateur ou d&rsquo;environnement de bordure autour du contenu Mastro\u00ae, San Daniele\u00ae et RiservaTM.<\/p>\n<p class=\"all_content\">-Cela ne devrait pas impliquer que Mastro\u00ae, San Daniele\u00ae et RiservaTM l&rsquo;approuvent ou l&rsquo;approuvent ses produits et services.<\/p>\n<p class=\"all_content\">-Ne doit pas d\u00e9naturer sa relation avec Mastro\u00ae, San Daniele\u00ae et RiservaTM<\/p>\n<p class=\"all_content\">-Ne doit pas pr\u00e9senter de fausses informations sur les produits ou services Mastro\u00ae, San Daniele\u00ae et RiservaTM.<\/p>\n<p class=\"all_content\">-Vous ne devez pas utiliser le logo Mastro\u00ae, San Daniele\u00ae et RiservaTM ou toute autre marque, nom ou logo de Mastro\u00ae, San Daniele\u00ae et RiservaTM (les \u00ab Marques d\u00e9pos\u00e9es \u00bb) sans l&rsquo;autorisation de Mastro\u00ae, San Daniele\u00ae et RiservaTM. Toute utilisation de Les marques d\u00e9pos\u00e9es sont soumises aux termes et conditions \u00e9nonc\u00e9s par Mastro\u00ae, San Daniele\u00ae et RiservaTM<br \/>\n-Mastro\u00ae, San Daniele\u00ae et RiservaTM se r\u00e9servent le droit d&rsquo;exiger de la partie \u00e9tablissant le lien qu&rsquo;elle mette fin au lien \u00e0 sa seule discr\u00e9tion.<\/p>\n<p class=\"all_content\">-Ne doit pas contenir de contenu qui pourrait \u00eatre interpr\u00e9t\u00e9 comme d\u00e9plaisant, offensant, controvers\u00e9 ou ill\u00e9gal et doit contenir uniquement du contenu appropri\u00e9 \u00e0 tous les groupes d&rsquo;\u00e2ge.<\/p>\n<h5 class=\"content_heading\">MODALIT\u00c9S ET CONDITIONS DU COUPON<\/h5>\n<p><strong>Au d\u00e9taillant :<\/strong> Aliments Sofina inc. Vous remboursera la valeur nominale de ce bon-rabais plus les frais de manutention, \u00e0 condition que le bon-rabais remboursable soit pr\u00e9sent\u00e9 par votre consommateur au moment de l&rsquo;achat de l\u2019article d\u00e9crit sur le bon-rabais. Si l\u2019on ne peut pr\u00e9senter sur demande des factures attestant l\u2019achat de stock suffisant dans les 90 derniers jours pour couvrir le nombre \u00e9chang\u00e9, cette offre sera nulle. Les bons-rabais pr\u00e9sent\u00e9s au remboursement deviennent notre propri\u00e9t\u00e9.<\/p>\n<p><strong>Pour obtenir un remboursement, veuillez vous adresser \u00e0 :<\/strong> Aliments Sofina Inc., b.p. 1600 Pickering, Ontario L1V 7C1<\/p>\n<p><strong>Au client<\/strong> : Les lois provinciales peuvent exiger que le d\u00e9taillant facture la taxe sur le prix total de l\u2019article et d\u00e9duise ensuite la valeur du bon-rabais, le cas \u00e9ch\u00e9ant, le cr\u00e9dit de tps, tvq, tvp et\/ou tvh sont compris dans la valeur nominale du bon rabais.<\/p>\n<p><strong>Au d\u00e9taillant et client<\/strong> : Limite d&rsquo;un bon-rabais par achat. Valable seulement au canada. Toute reproduction, alt\u00e9ration, falsification de quelque sorte de ce bon rabais est consid\u00e9r\u00e9e frauduleuse et est interdite par la loi. Ne peut \u00eatre combin\u00e9 avec aucun autre bon-rabais. Bon du manufacturier. Les coupons sont nuls s&rsquo;ils sont copi\u00e9s, scann\u00e9s, alt\u00e9r\u00e9s, transf\u00e9r\u00e9s, achet\u00e9s, vendus ou utilis\u00e9s de mani\u00e8re interdite par la loi. Dans toutes les situations, nous nous r\u00e9servons le droit de refuser ou de limiter l&rsquo;utilisation de tout coupon. Sofina collaborera avec les autorit\u00e9s polici\u00e8res comp\u00e9tentes pour poursuivre les personnes utilisant des coupons contrefaits ou utilisant des coupons de mani\u00e8re inappropri\u00e9e.<\/p>\n<\/div>\n<\/div>\n","protected":false},"excerpt":{"rendered":"<p>ATTENTION\u00a0: VEUILLEZ LIRE ATTENTIVEMENT CES CONDITIONS D&rsquo;UTILISATION (\u00ab\u00a0CONDITIONS\u00a0\u00bb) AVANT D&rsquo;UTILISER CE SITE WEB (\u00ab\u00a0SITE\u00a0\u00bb). L&rsquo;UTILISATION DE CE SITE INDIQUE QUE VOUS ACCEPTEZ CES CONDITIONS. SI VOUS N&rsquo;ACCEPTEZ PAS CES CONDITIONS, N&rsquo;UTILISEZ PAS CE SITE. UTILISATION DU SITE ET DU MAT\u00c9RIEL Mastro\u00ae, San Daniele\u00ae et RiservaTM (une filiale de Sofina Foods Inc.) vous autorise \u00e0 visualiser,&hellip; <a class=\"more-link\" href=\"https:\/\/sharemastro.com\/fr\/terms-and-conditions\/\">Poursuivre la lecture <span class=\"screen-reader-text\">Conditions g\u00e9n\u00e9rales<\/span><\/a><\/p>\n","protected":false},"author":1,"featured_media":0,"parent":0,"menu_order":0,"comment_status":"closed","ping_status":"closed","template":"Templates\/terms_condition.php","meta":{"_acf_changed":false,"footnotes":""},"class_list":["post-104","page","type-page","status-publish","hentry","entry"],"acf":[],"yoast_head":"<!-- This site is optimized with the Yoast SEO plugin v27.1.1 - https:\/\/yoast.com\/product\/yoast-seo-wordpress\/ -->\n<title>Conditions g\u00e9n\u00e9rales - Mastro\u00ae San Daniele\u00ae Specialty Deli Meats<\/title>\n<meta name=\"robots\" content=\"index, follow, max-snippet:-1, max-image-preview:large, max-video-preview:-1\" \/>\n<link rel=\"canonical\" href=\"https:\/\/sharemastro.com\/fr\/terms-and-conditions\/\" \/>\n<meta property=\"og:locale\" content=\"fr_FR\" \/>\n<meta property=\"og:type\" content=\"article\" \/>\n<meta property=\"og:title\" content=\"Conditions g\u00e9n\u00e9rales - Mastro\u00ae San Daniele\u00ae Specialty Deli Meats\" \/>\n<meta property=\"og:description\" content=\"ATTENTION\u00a0: VEUILLEZ LIRE ATTENTIVEMENT CES CONDITIONS D&rsquo;UTILISATION (\u00ab\u00a0CONDITIONS\u00a0\u00bb) AVANT D&rsquo;UTILISER CE SITE WEB (\u00ab\u00a0SITE\u00a0\u00bb). L&rsquo;UTILISATION DE CE SITE INDIQUE QUE VOUS ACCEPTEZ CES CONDITIONS. SI VOUS N&rsquo;ACCEPTEZ PAS CES CONDITIONS, N&rsquo;UTILISEZ PAS CE SITE. UTILISATION DU SITE ET DU MAT\u00c9RIEL Mastro\u00ae, San Daniele\u00ae et RiservaTM (une filiale de Sofina Foods Inc.) vous autorise \u00e0 visualiser,&hellip; Poursuivre la lecture Conditions g\u00e9n\u00e9rales\" \/>\n<meta property=\"og:url\" content=\"https:\/\/sharemastro.com\/fr\/terms-and-conditions\/\" \/>\n<meta property=\"og:site_name\" content=\"Mastro\u00ae San Daniele\u00ae Specialty Deli Meats\" \/>\n<meta property=\"article:publisher\" content=\"https:\/\/www.facebook.com\/ShareMastro\" \/>\n<meta property=\"article:modified_time\" content=\"2025-07-28T15:28:09+00:00\" \/>\n<meta name=\"twitter:card\" content=\"summary_large_image\" \/>\n<meta name=\"twitter:label1\" content=\"Dur\u00e9e de lecture estim\u00e9e\" \/>\n\t<meta name=\"twitter:data1\" content=\"9 minutes\" \/>\n<script type=\"application\/ld+json\" class=\"yoast-schema-graph\">{\"@context\":\"https:\/\/schema.org\",\"@graph\":[{\"@type\":\"WebPage\",\"@id\":\"https:\/\/sharemastro.com\/fr\/terms-and-conditions\/\",\"url\":\"https:\/\/sharemastro.com\/fr\/terms-and-conditions\/\",\"name\":\"Conditions g\u00e9n\u00e9rales - Mastro\u00ae San Daniele\u00ae Specialty Deli Meats\",\"isPartOf\":{\"@id\":\"https:\/\/sharemastro.com\/fr\/#website\"},\"datePublished\":\"2017-06-05T19:49:25+00:00\",\"dateModified\":\"2025-07-28T15:28:09+00:00\",\"breadcrumb\":{\"@id\":\"https:\/\/sharemastro.com\/fr\/terms-and-conditions\/#breadcrumb\"},\"inLanguage\":\"fr-FR\",\"potentialAction\":[{\"@type\":\"ReadAction\",\"target\":[\"https:\/\/sharemastro.com\/fr\/terms-and-conditions\/\"]}]},{\"@type\":\"BreadcrumbList\",\"@id\":\"https:\/\/sharemastro.com\/fr\/terms-and-conditions\/#breadcrumb\",\"itemListElement\":[{\"@type\":\"ListItem\",\"position\":1,\"name\":\"Home\",\"item\":\"https:\/\/sharemastro.com\/fr\/\"},{\"@type\":\"ListItem\",\"position\":2,\"name\":\"Conditions g\u00e9n\u00e9rales\"}]},{\"@type\":\"WebSite\",\"@id\":\"https:\/\/sharemastro.com\/fr\/#website\",\"url\":\"https:\/\/sharemastro.com\/fr\/\",\"name\":\"Mastro\u00ae San Daniele\u00ae Specialty Deli Meats\",\"description\":\"Bring Tradition Home\",\"potentialAction\":[{\"@type\":\"SearchAction\",\"target\":{\"@type\":\"EntryPoint\",\"urlTemplate\":\"https:\/\/sharemastro.com\/fr\/?s={search_term_string}\"},\"query-input\":{\"@type\":\"PropertyValueSpecification\",\"valueRequired\":true,\"valueName\":\"search_term_string\"}}],\"inLanguage\":\"fr-FR\"}]}<\/script>\n<!-- \/ Yoast SEO plugin. -->","yoast_head_json":{"title":"Conditions g\u00e9n\u00e9rales - Mastro\u00ae San Daniele\u00ae Specialty Deli Meats","robots":{"index":"index","follow":"follow","max-snippet":"max-snippet:-1","max-image-preview":"max-image-preview:large","max-video-preview":"max-video-preview:-1"},"canonical":"https:\/\/sharemastro.com\/fr\/terms-and-conditions\/","og_locale":"fr_FR","og_type":"article","og_title":"Conditions g\u00e9n\u00e9rales - Mastro\u00ae San Daniele\u00ae Specialty Deli Meats","og_description":"ATTENTION\u00a0: VEUILLEZ LIRE ATTENTIVEMENT CES CONDITIONS D&rsquo;UTILISATION (\u00ab\u00a0CONDITIONS\u00a0\u00bb) AVANT D&rsquo;UTILISER CE SITE WEB (\u00ab\u00a0SITE\u00a0\u00bb). L&rsquo;UTILISATION DE CE SITE INDIQUE QUE VOUS ACCEPTEZ CES CONDITIONS. SI VOUS N&rsquo;ACCEPTEZ PAS CES CONDITIONS, N&rsquo;UTILISEZ PAS CE SITE. UTILISATION DU SITE ET DU MAT\u00c9RIEL Mastro\u00ae, San Daniele\u00ae et RiservaTM (une filiale de Sofina Foods Inc.) vous autorise \u00e0 visualiser,&hellip; Poursuivre la lecture Conditions g\u00e9n\u00e9rales","og_url":"https:\/\/sharemastro.com\/fr\/terms-and-conditions\/","og_site_name":"Mastro\u00ae San Daniele\u00ae Specialty Deli Meats","article_publisher":"https:\/\/www.facebook.com\/ShareMastro","article_modified_time":"2025-07-28T15:28:09+00:00","twitter_card":"summary_large_image","twitter_misc":{"Dur\u00e9e de lecture estim\u00e9e":"9 minutes"},"schema":{"@context":"https:\/\/schema.org","@graph":[{"@type":"WebPage","@id":"https:\/\/sharemastro.com\/fr\/terms-and-conditions\/","url":"https:\/\/sharemastro.com\/fr\/terms-and-conditions\/","name":"Conditions g\u00e9n\u00e9rales - Mastro\u00ae San Daniele\u00ae Specialty Deli Meats","isPartOf":{"@id":"https:\/\/sharemastro.com\/fr\/#website"},"datePublished":"2017-06-05T19:49:25+00:00","dateModified":"2025-07-28T15:28:09+00:00","breadcrumb":{"@id":"https:\/\/sharemastro.com\/fr\/terms-and-conditions\/#breadcrumb"},"inLanguage":"fr-FR","potentialAction":[{"@type":"ReadAction","target":["https:\/\/sharemastro.com\/fr\/terms-and-conditions\/"]}]},{"@type":"BreadcrumbList","@id":"https:\/\/sharemastro.com\/fr\/terms-and-conditions\/#breadcrumb","itemListElement":[{"@type":"ListItem","position":1,"name":"Home","item":"https:\/\/sharemastro.com\/fr\/"},{"@type":"ListItem","position":2,"name":"Conditions g\u00e9n\u00e9rales"}]},{"@type":"WebSite","@id":"https:\/\/sharemastro.com\/fr\/#website","url":"https:\/\/sharemastro.com\/fr\/","name":"Mastro\u00ae San Daniele\u00ae Specialty Deli Meats","description":"Bring Tradition Home","potentialAction":[{"@type":"SearchAction","target":{"@type":"EntryPoint","urlTemplate":"https:\/\/sharemastro.com\/fr\/?s={search_term_string}"},"query-input":{"@type":"PropertyValueSpecification","valueRequired":true,"valueName":"search_term_string"}}],"inLanguage":"fr-FR"}]}},"_links":{"self":[{"href":"https:\/\/sharemastro.com\/fr\/wp-json\/wp\/v2\/pages\/104","targetHints":{"allow":["GET"]}}],"collection":[{"href":"https:\/\/sharemastro.com\/fr\/wp-json\/wp\/v2\/pages"}],"about":[{"href":"https:\/\/sharemastro.com\/fr\/wp-json\/wp\/v2\/types\/page"}],"author":[{"embeddable":true,"href":"https:\/\/sharemastro.com\/fr\/wp-json\/wp\/v2\/users\/1"}],"replies":[{"embeddable":true,"href":"https:\/\/sharemastro.com\/fr\/wp-json\/wp\/v2\/comments?post=104"}],"version-history":[{"count":11,"href":"https:\/\/sharemastro.com\/fr\/wp-json\/wp\/v2\/pages\/104\/revisions"}],"predecessor-version":[{"id":15507,"href":"https:\/\/sharemastro.com\/fr\/wp-json\/wp\/v2\/pages\/104\/revisions\/15507"}],"wp:attachment":[{"href":"https:\/\/sharemastro.com\/fr\/wp-json\/wp\/v2\/media?parent=104"}],"curies":[{"name":"wp","href":"https:\/\/api.w.org\/{rel}","templated":true}]}}