












{"id":3330,"date":"2021-01-15T12:21:14","date_gmt":"2021-01-15T17:21:14","guid":{"rendered":"https:\/\/sharemastro.com\/?page_id=3330"},"modified":"2021-12-15T10:43:43","modified_gmt":"2021-12-15T15:43:43","slug":"raclette","status":"publish","type":"page","link":"https:\/\/sharemastro.com\/fr\/raclette\/","title":{"rendered":"Bienvenue dans le monde irr\u00e9sistible de la raclette"},"content":{"rendered":"<p><span style=\"font-weight: 400;\">Une tradition suisse populaire! La raclette est d\u00e9licieuse certes, mais elle est aussi incroyablement polyvalente. La raclette vous permet de combiner de fa\u00e7on app\u00e9tissante votre amour des charcuteries de sp\u00e9cialit\u00e9 MastroMD et San Daniele<sup>MD<\/sup> \u00e0 la saveur irr\u00e9sistible de votre fromage pr\u00e9f\u00e9r\u00e9 fondu.<\/span><br \/>\n<span style=\"font-weight: 400;\"><br \/>\nQue vous planifiez un souper romantique pour deux, un festin d\u2019apr\u00e8s-ski ou un simple souper en famille, Mastro<sup>MD<\/sup> et San Daniele<sup>MD<\/sup> ont une raclette pour toutes les occasions!<\/span><\/p>\n","protected":false},"excerpt":{"rendered":"<p>Une tradition suisse populaire! La raclette est d\u00e9licieuse certes, mais elle est aussi incroyablement polyvalente. La raclette vous permet de combiner de fa\u00e7on app\u00e9tissante votre amour des charcuteries de sp\u00e9cialit\u00e9 MastroMD et San DanieleMD \u00e0 la saveur irr\u00e9sistible de votre fromage pr\u00e9f\u00e9r\u00e9 fondu. Que vous planifiez un souper romantique pour deux, un festin d\u2019apr\u00e8s-ski ou&hellip; <a class=\"more-link\" href=\"https:\/\/sharemastro.com\/fr\/raclette\/\">Poursuivre la lecture <span class=\"screen-reader-text\">Bienvenue dans le monde irr\u00e9sistible de la raclette<\/span><\/a><\/p>\n","protected":false},"author":1,"featured_media":0,"parent":0,"menu_order":0,"comment_status":"closed","ping_status":"closed","template":"","meta":{"_acf_changed":false,"footnotes":""},"class_list":["post-3330","page","type-page","status-publish","hentry","entry"],"acf":[],"yoast_head":"<!-- This site is optimized with the Yoast SEO plugin v27.3 - https:\/\/yoast.com\/product\/yoast-seo-wordpress\/ -->\n<title>Bienvenue dans le monde irr\u00e9sistible de la raclette - Mastro\u00ae San Daniele\u00ae Specialty Deli Meats<\/title>\n<meta name=\"robots\" content=\"index, follow, max-snippet:-1, max-image-preview:large, max-video-preview:-1\" \/>\n<link rel=\"canonical\" href=\"https:\/\/sharemastro.com\/fr\/raclette\/\" \/>\n<meta property=\"og:locale\" content=\"fr_FR\" \/>\n<meta property=\"og:type\" content=\"article\" \/>\n<meta property=\"og:title\" content=\"Bienvenue dans le monde irr\u00e9sistible de la raclette - Mastro\u00ae San Daniele\u00ae Specialty Deli Meats\" \/>\n<meta property=\"og:description\" content=\"Une tradition suisse populaire! La raclette est d\u00e9licieuse certes, mais elle est aussi incroyablement polyvalente. La raclette vous permet de combiner de fa\u00e7on app\u00e9tissante votre amour des charcuteries de sp\u00e9cialit\u00e9 MastroMD et San DanieleMD \u00e0 la saveur irr\u00e9sistible de votre fromage pr\u00e9f\u00e9r\u00e9 fondu. Que vous planifiez un souper romantique pour deux, un festin d\u2019apr\u00e8s-ski ou&hellip; Poursuivre la lecture Bienvenue dans le monde irr\u00e9sistible de la raclette\" \/>\n<meta property=\"og:url\" content=\"https:\/\/sharemastro.com\/fr\/raclette\/\" \/>\n<meta property=\"og:site_name\" content=\"Mastro\u00ae San Daniele\u00ae Specialty Deli Meats\" \/>\n<meta property=\"article:publisher\" content=\"https:\/\/www.facebook.com\/ShareMastro\" \/>\n<meta property=\"article:modified_time\" content=\"2021-12-15T15:43:43+00:00\" \/>\n<meta name=\"twitter:card\" content=\"summary_large_image\" \/>\n<script type=\"application\/ld+json\" class=\"yoast-schema-graph\">{\"@context\":\"https:\\\/\\\/schema.org\",\"@graph\":[{\"@type\":\"WebPage\",\"@id\":\"https:\\\/\\\/sharemastro.com\\\/fr\\\/raclette\\\/\",\"url\":\"https:\\\/\\\/sharemastro.com\\\/fr\\\/raclette\\\/\",\"name\":\"Bienvenue dans le monde irr\u00e9sistible de la raclette - Mastro\u00ae San Daniele\u00ae Specialty Deli Meats\",\"isPartOf\":{\"@id\":\"https:\\\/\\\/sharemastro.com\\\/fr\\\/#website\"},\"datePublished\":\"2021-01-15T17:21:14+00:00\",\"dateModified\":\"2021-12-15T15:43:43+00:00\",\"breadcrumb\":{\"@id\":\"https:\\\/\\\/sharemastro.com\\\/fr\\\/raclette\\\/#breadcrumb\"},\"inLanguage\":\"fr-FR\",\"potentialAction\":[{\"@type\":\"ReadAction\",\"target\":[\"https:\\\/\\\/sharemastro.com\\\/fr\\\/raclette\\\/\"]}]},{\"@type\":\"BreadcrumbList\",\"@id\":\"https:\\\/\\\/sharemastro.com\\\/fr\\\/raclette\\\/#breadcrumb\",\"itemListElement\":[{\"@type\":\"ListItem\",\"position\":1,\"name\":\"Home\",\"item\":\"https:\\\/\\\/sharemastro.com\\\/fr\\\/\"},{\"@type\":\"ListItem\",\"position\":2,\"name\":\"Bienvenue dans le monde irr\u00e9sistible de la raclette\"}]},{\"@type\":\"WebSite\",\"@id\":\"https:\\\/\\\/sharemastro.com\\\/fr\\\/#website\",\"url\":\"https:\\\/\\\/sharemastro.com\\\/fr\\\/\",\"name\":\"Mastro\u00ae San Daniele\u00ae Specialty Deli Meats\",\"description\":\"Bring Tradition Home\",\"potentialAction\":[{\"@type\":\"SearchAction\",\"target\":{\"@type\":\"EntryPoint\",\"urlTemplate\":\"https:\\\/\\\/sharemastro.com\\\/fr\\\/?s={search_term_string}\"},\"query-input\":{\"@type\":\"PropertyValueSpecification\",\"valueRequired\":true,\"valueName\":\"search_term_string\"}}],\"inLanguage\":\"fr-FR\"}]}<\/script>\n<!-- \/ Yoast SEO plugin. -->","yoast_head_json":{"title":"Bienvenue dans le monde irr\u00e9sistible de la raclette - Mastro\u00ae San Daniele\u00ae Specialty Deli Meats","robots":{"index":"index","follow":"follow","max-snippet":"max-snippet:-1","max-image-preview":"max-image-preview:large","max-video-preview":"max-video-preview:-1"},"canonical":"https:\/\/sharemastro.com\/fr\/raclette\/","og_locale":"fr_FR","og_type":"article","og_title":"Bienvenue dans le monde irr\u00e9sistible de la raclette - Mastro\u00ae San Daniele\u00ae Specialty Deli Meats","og_description":"Une tradition suisse populaire! La raclette est d\u00e9licieuse certes, mais elle est aussi incroyablement polyvalente. La raclette vous permet de combiner de fa\u00e7on app\u00e9tissante votre amour des charcuteries de sp\u00e9cialit\u00e9 MastroMD et San DanieleMD \u00e0 la saveur irr\u00e9sistible de votre fromage pr\u00e9f\u00e9r\u00e9 fondu. Que vous planifiez un souper romantique pour deux, un festin d\u2019apr\u00e8s-ski ou&hellip; Poursuivre la lecture Bienvenue dans le monde irr\u00e9sistible de la raclette","og_url":"https:\/\/sharemastro.com\/fr\/raclette\/","og_site_name":"Mastro\u00ae San Daniele\u00ae Specialty Deli Meats","article_publisher":"https:\/\/www.facebook.com\/ShareMastro","article_modified_time":"2021-12-15T15:43:43+00:00","twitter_card":"summary_large_image","schema":{"@context":"https:\/\/schema.org","@graph":[{"@type":"WebPage","@id":"https:\/\/sharemastro.com\/fr\/raclette\/","url":"https:\/\/sharemastro.com\/fr\/raclette\/","name":"Bienvenue dans le monde irr\u00e9sistible de la raclette - Mastro\u00ae San Daniele\u00ae Specialty Deli Meats","isPartOf":{"@id":"https:\/\/sharemastro.com\/fr\/#website"},"datePublished":"2021-01-15T17:21:14+00:00","dateModified":"2021-12-15T15:43:43+00:00","breadcrumb":{"@id":"https:\/\/sharemastro.com\/fr\/raclette\/#breadcrumb"},"inLanguage":"fr-FR","potentialAction":[{"@type":"ReadAction","target":["https:\/\/sharemastro.com\/fr\/raclette\/"]}]},{"@type":"BreadcrumbList","@id":"https:\/\/sharemastro.com\/fr\/raclette\/#breadcrumb","itemListElement":[{"@type":"ListItem","position":1,"name":"Home","item":"https:\/\/sharemastro.com\/fr\/"},{"@type":"ListItem","position":2,"name":"Bienvenue dans le monde irr\u00e9sistible de la raclette"}]},{"@type":"WebSite","@id":"https:\/\/sharemastro.com\/fr\/#website","url":"https:\/\/sharemastro.com\/fr\/","name":"Mastro\u00ae San Daniele\u00ae Specialty Deli Meats","description":"Bring Tradition Home","potentialAction":[{"@type":"SearchAction","target":{"@type":"EntryPoint","urlTemplate":"https:\/\/sharemastro.com\/fr\/?s={search_term_string}"},"query-input":{"@type":"PropertyValueSpecification","valueRequired":true,"valueName":"search_term_string"}}],"inLanguage":"fr-FR"}]}},"_links":{"self":[{"href":"https:\/\/sharemastro.com\/fr\/wp-json\/wp\/v2\/pages\/3330","targetHints":{"allow":["GET"]}}],"collection":[{"href":"https:\/\/sharemastro.com\/fr\/wp-json\/wp\/v2\/pages"}],"about":[{"href":"https:\/\/sharemastro.com\/fr\/wp-json\/wp\/v2\/types\/page"}],"author":[{"embeddable":true,"href":"https:\/\/sharemastro.com\/fr\/wp-json\/wp\/v2\/users\/1"}],"replies":[{"embeddable":true,"href":"https:\/\/sharemastro.com\/fr\/wp-json\/wp\/v2\/comments?post=3330"}],"version-history":[{"count":0,"href":"https:\/\/sharemastro.com\/fr\/wp-json\/wp\/v2\/pages\/3330\/revisions"}],"wp:attachment":[{"href":"https:\/\/sharemastro.com\/fr\/wp-json\/wp\/v2\/media?parent=3330"}],"curies":[{"name":"wp","href":"https:\/\/api.w.org\/{rel}","templated":true}]}}